{"id":3103,"date":"2024-11-07T14:35:17","date_gmt":"2024-11-07T13:35:17","guid":{"rendered":"https:\/\/sophie.blng.fr\/?page_id=3103"},"modified":"2024-11-07T14:47:21","modified_gmt":"2024-11-07T13:47:21","slug":"articles","status":"publish","type":"page","link":"https:\/\/sophie.blng.fr\/index.php\/articles\/","title":{"rendered":"Articles"},"content":{"rendered":"<p>[et_pb_section fb_built=\u00a0\u00bb1&Prime; next_background_color=\u00a0\u00bb#ffffff\u00a0\u00bb admin_label=\u00a0\u00bbHero\u00a0\u00bb _builder_version=\u00a0\u00bb4.19.4&Prime; background_color_gradient_type=\u00a0\u00bblinear\u00a0\u00bb background_color_gradient_direction=\u00a0\u00bb122deg\u00a0\u00bb background_color_gradient_stops=\u00a0\u00bb#d1af85 32%|rgba(255,255,255,0) 100%\u00a0\u00bb background_image=\u00a0\u00bbhttps:\/\/sophie.blng.fr\/wp-content\/uploads\/2022\/05\/pexels-anthony-133191-1-scaled.jpg\u00a0\u00bb min_height=\u00a0\u00bb283px\u00a0\u00bb custom_padding=\u00a0\u00bb3vw||3vw||false|false\u00a0\u00bb bottom_divider_style=\u00a0\u00bbnone\u00a0\u00bb global_colors_info=\u00a0\u00bb{}\u00a0\u00bb][et_pb_row _builder_version=\u00a0\u00bb4.19.4&Prime; custom_margin=\u00a0\u00bb0px|auto||auto||\u00a0\u00bb animation_style=\u00a0\u00bbfade\u00a0\u00bb global_colors_info=\u00a0\u00bb{}\u00a0\u00bb][et_pb_column type=\u00a0\u00bb4_4&Prime; _builder_version=\u00a0\u00bb4.16&Prime; custom_padding=\u00a0\u00bb|||\u00a0\u00bb global_colors_info=\u00a0\u00bb{}\u00a0\u00bb custom_padding__hover=\u00a0\u00bb|||\u00a0\u00bb][et_pb_text _builder_version=\u00a0\u00bb4.16&Prime; text_font=\u00a0\u00bb||||||||\u00a0\u00bb text_font_size=\u00a0\u00bb18px\u00a0\u00bb text_line_height=\u00a0\u00bb2em\u00a0\u00bb header_font=\u00a0\u00bbArial|700|||||||\u00a0\u00bb header_text_color=\u00a0\u00bb#FFFFFF\u00a0\u00bb header_font_size=\u00a0\u00bb70px\u00a0\u00bb header_line_height=\u00a0\u00bb1.4em\u00a0\u00bb text_orientation=\u00a0\u00bbcenter\u00a0\u00bb max_width=\u00a0\u00bb700px\u00a0\u00bb module_alignment=\u00a0\u00bbcenter\u00a0\u00bb header_font_size_tablet=\u00a0\u00bb40px\u00a0\u00bb header_font_size_phone=\u00a0\u00bb32px\u00a0\u00bb header_font_size_last_edited=\u00a0\u00bbon|desktop\u00a0\u00bb global_colors_info=\u00a0\u00bb{}\u00a0\u00bb]<\/p>\n<h1>Articles<\/h1>\n<p>[\/et_pb_text][\/et_pb_column][\/et_pb_row][\/et_pb_section][et_pb_section fb_built=\u00a0\u00bb1&Prime; next_background_color=\u00a0\u00bb#000000&Prime; _builder_version=\u00a0\u00bb4.27.2&Prime; _module_preset=\u00a0\u00bbdefault\u00a0\u00bb use_background_color_gradient=\u00a0\u00bboff\u00a0\u00bb background_enable_image=\u00a0\u00bboff\u00a0\u00bb bottom_divider_style=\u00a0\u00bbnone\u00a0\u00bb global_colors_info=\u00a0\u00bb{}\u00a0\u00bb][et_pb_row column_structure=\u00a0\u00bb3_5,2_5&Prime; _builder_version=\u00a0\u00bb4.27.2&Prime; _module_preset=\u00a0\u00bbdefault\u00a0\u00bb global_colors_info=\u00a0\u00bb{}\u00a0\u00bb][et_pb_column type=\u00a0\u00bb3_5&Prime; _builder_version=\u00a0\u00bb4.27.2&Prime; _module_preset=\u00a0\u00bbdefault\u00a0\u00bb global_colors_info=\u00a0\u00bb{}\u00a0\u00bb][et_pb_post_title meta=\u00a0\u00bboff\u00a0\u00bb featured_placement=\u00a0\u00bbabove\u00a0\u00bb _builder_version=\u00a0\u00bb4.27.2&Prime; _module_preset=\u00a0\u00bbdefault\u00a0\u00bb hover_enabled=\u00a0\u00bb0&Prime; global_colors_info=\u00a0\u00bb{}\u00a0\u00bb sticky_enabled=\u00a0\u00bb0&Prime;][\/et_pb_post_title][\/et_pb_column][et_pb_column type=\u00a0\u00bb2_5&Prime; _builder_version=\u00a0\u00bb4.27.2&Prime; _module_preset=\u00a0\u00bbdefault\u00a0\u00bb global_colors_info=\u00a0\u00bb{}\u00a0\u00bb][et_pb_cta title=\u00a0\u00bbComment passer en %22mode s\u00e9r\u00e9nit\u00e9%22&Prime; button_url=\u00a0\u00bbhttps:\/\/sophie.blng.fr\/index.php\/accompagnement-hs-lp\/\u00a0\u00bb button_text=\u00a0\u00bbJe souhaite un appel gratuit\u00a0\u00bb _builder_version=\u00a0\u00bb4.27.2&Prime; _module_preset=\u00a0\u00bbdefault\u00a0\u00bb header_font_size=\u00a0\u00bb30px\u00a0\u00bb header_line_height=\u00a0\u00bb1.8em\u00a0\u00bb body_font_size=\u00a0\u00bb22px\u00a0\u00bb body_line_height=\u00a0\u00bb2.9em\u00a0\u00bb background_color=\u00a0\u00bb#E09900&Prime; custom_button=\u00a0\u00bbon\u00a0\u00bb button_text_size=\u00a0\u00bb20px\u00a0\u00bb button_text_color=\u00a0\u00bb#ffffff\u00a0\u00bb button_bg_color=\u00a0\u00bb#15a537&Prime; button_border_width=\u00a0\u00bb4px\u00a0\u00bb button_border_radius=\u00a0\u00bb16px\u00a0\u00bb button_font=\u00a0\u00bb|300|||||||\u00a0\u00bb button_use_icon=\u00a0\u00bboff\u00a0\u00bb button_alignment=\u00a0\u00bbcenter\u00a0\u00bb custom_margin=\u00a0\u00bb0px|-152px||152px|false|false\u00a0\u00bb header_text_shadow_style=\u00a0\u00bbpreset1&Prime; border_radii=\u00a0\u00bbon|26px|26px|26px|26px\u00a0\u00bb border_width_all=\u00a0\u00bb4px\u00a0\u00bb border_color_all=\u00a0\u00bb#ffffff\u00a0\u00bb box_shadow_style=\u00a0\u00bbpreset2&Prime; box_shadow_style_button=\u00a0\u00bbpreset2&Prime; global_colors_info=\u00a0\u00bb{}\u00a0\u00bb button_text_color__hover_enabled=\u00a0\u00bbon|desktop\u00a0\u00bb button_text_color__hover=\u00a0\u00bb#ffffff\u00a0\u00bb]<\/p>\n<ul>\n<li style=\"text-align: left;\">En moins de 20 min par jour<\/li>\n<li style=\"text-align: left;\">Avec des outils adapt\u00e9s<\/li>\n<li style=\"text-align: left;\">Pour des r\u00e9sultats durables<\/li>\n<\/ul>\n<p>[\/et_pb_cta][\/et_pb_column][\/et_pb_row][\/et_pb_section]<\/p>\n","protected":false},"excerpt":{"rendered":"<p>Articles En moins de 20 min par jour Avec des outils adapt\u00e9s Pour des r\u00e9sultats durables<\/p>\n","protected":false},"author":2,"featured_media":0,"parent":0,"menu_order":0,"comment_status":"closed","ping_status":"closed","template":"page-template-blank.php","meta":{"_et_pb_use_builder":"on","_et_pb_old_content":"","_et_gb_content_width":"","footnotes":""},"class_list":["post-3103","page","type-page","status-publish","hentry"],"yoast_head":"<!-- This site is optimized with the Yoast SEO plugin v27.5 - https:\/\/yoast.com\/product\/yoast-seo-wordpress\/ -->\n<title>Articles - Sophie Boulang\u00e9 sophrologue Nancy<\/title>\n<meta name=\"robots\" content=\"index, follow, max-snippet:-1, max-image-preview:large, max-video-preview:-1\" \/>\n<link rel=\"canonical\" href=\"https:\/\/sophie.blng.fr\/index.php\/articles\/\" \/>\n<meta property=\"og:locale\" content=\"fr_FR\" \/>\n<meta property=\"og:type\" content=\"article\" \/>\n<meta property=\"og:title\" content=\"Articles - Sophie Boulang\u00e9 sophrologue Nancy\" \/>\n<meta property=\"og:description\" content=\"Articles En moins de 20 min par jour Avec des outils adapt\u00e9s Pour des r\u00e9sultats durables\" \/>\n<meta property=\"og:url\" content=\"https:\/\/sophie.blng.fr\/index.php\/articles\/\" \/>\n<meta property=\"og:site_name\" content=\"Sophie Boulang\u00e9 sophrologue Nancy\" \/>\n<meta property=\"article:publisher\" content=\"https:\/\/www.facebook.com\/sph.blng\" \/>\n<meta property=\"article:modified_time\" content=\"2024-11-07T13:47:21+00:00\" \/>\n<meta name=\"twitter:card\" content=\"summary_large_image\" \/>\n<meta name=\"twitter:label1\" content=\"Dur\u00e9e de lecture estim\u00e9e\" \/>\n\t<meta name=\"twitter:data1\" content=\"2 minutes\" \/>\n<script type=\"application\/ld+json\" class=\"yoast-schema-graph\">{\"@context\":\"https:\\\/\\\/schema.org\",\"@graph\":[{\"@type\":\"WebPage\",\"@id\":\"https:\\\/\\\/sophie.blng.fr\\\/index.php\\\/articles\\\/\",\"url\":\"https:\\\/\\\/sophie.blng.fr\\\/index.php\\\/articles\\\/\",\"name\":\"Articles - Sophie Boulang\u00e9 sophrologue Nancy\",\"isPartOf\":{\"@id\":\"https:\\\/\\\/sophie.blng.fr\\\/#website\"},\"datePublished\":\"2024-11-07T13:35:17+00:00\",\"dateModified\":\"2024-11-07T13:47:21+00:00\",\"breadcrumb\":{\"@id\":\"https:\\\/\\\/sophie.blng.fr\\\/index.php\\\/articles\\\/#breadcrumb\"},\"inLanguage\":\"fr-FR\",\"potentialAction\":[{\"@type\":\"ReadAction\",\"target\":[\"https:\\\/\\\/sophie.blng.fr\\\/index.php\\\/articles\\\/\"]}]},{\"@type\":\"BreadcrumbList\",\"@id\":\"https:\\\/\\\/sophie.blng.fr\\\/index.php\\\/articles\\\/#breadcrumb\",\"itemListElement\":[{\"@type\":\"ListItem\",\"position\":1,\"name\":\"Accueil\",\"item\":\"https:\\\/\\\/sophie.blng.fr\\\/\"},{\"@type\":\"ListItem\",\"position\":2,\"name\":\"Articles\"}]},{\"@type\":\"WebSite\",\"@id\":\"https:\\\/\\\/sophie.blng.fr\\\/#website\",\"url\":\"https:\\\/\\\/sophie.blng.fr\\\/\",\"name\":\"Sophie Boulang\u00e9 sophrologue Nancy\",\"description\":\"G\u00e9rez votre anxi\u00e9t\u00e9 en moins de 20 minutes par jour\",\"publisher\":{\"@id\":\"https:\\\/\\\/sophie.blng.fr\\\/#\\\/schema\\\/person\\\/2bdfe4be765c1967b601045f0c59fd27\"},\"potentialAction\":[{\"@type\":\"SearchAction\",\"target\":{\"@type\":\"EntryPoint\",\"urlTemplate\":\"https:\\\/\\\/sophie.blng.fr\\\/?s={search_term_string}\"},\"query-input\":{\"@type\":\"PropertyValueSpecification\",\"valueRequired\":true,\"valueName\":\"search_term_string\"}}],\"inLanguage\":\"fr-FR\"},{\"@type\":[\"Person\",\"Organization\"],\"@id\":\"https:\\\/\\\/sophie.blng.fr\\\/#\\\/schema\\\/person\\\/2bdfe4be765c1967b601045f0c59fd27\",\"name\":\"Sophie Boulang\u00e9\",\"image\":{\"@type\":\"ImageObject\",\"inLanguage\":\"fr-FR\",\"@id\":\"https:\\\/\\\/sophie.blng.fr\\\/wp-content\\\/uploads\\\/2023\\\/10\\\/Logo-sophro-site.png\",\"url\":\"https:\\\/\\\/sophie.blng.fr\\\/wp-content\\\/uploads\\\/2023\\\/10\\\/Logo-sophro-site.png\",\"contentUrl\":\"https:\\\/\\\/sophie.blng.fr\\\/wp-content\\\/uploads\\\/2023\\\/10\\\/Logo-sophro-site.png\",\"width\":235,\"height\":254,\"caption\":\"Sophie Boulang\u00e9\"},\"logo\":{\"@id\":\"https:\\\/\\\/sophie.blng.fr\\\/wp-content\\\/uploads\\\/2023\\\/10\\\/Logo-sophro-site.png\"},\"sameAs\":[\"https:\\\/\\\/sophie.blng.fr\\\/\",\"https:\\\/\\\/www.facebook.com\\\/sph.blng\",\"https:\\\/\\\/www.linkedin.com\\\/in\\\/sophie-boulang-398629237\\\/\"]}]}<\/script>\n<!-- \/ Yoast SEO plugin. -->","yoast_head_json":{"title":"Articles - Sophie Boulang\u00e9 sophrologue Nancy","robots":{"index":"index","follow":"follow","max-snippet":"max-snippet:-1","max-image-preview":"max-image-preview:large","max-video-preview":"max-video-preview:-1"},"canonical":"https:\/\/sophie.blng.fr\/index.php\/articles\/","og_locale":"fr_FR","og_type":"article","og_title":"Articles - Sophie Boulang\u00e9 sophrologue Nancy","og_description":"Articles En moins de 20 min par jour Avec des outils adapt\u00e9s Pour des r\u00e9sultats durables","og_url":"https:\/\/sophie.blng.fr\/index.php\/articles\/","og_site_name":"Sophie Boulang\u00e9 sophrologue Nancy","article_publisher":"https:\/\/www.facebook.com\/sph.blng","article_modified_time":"2024-11-07T13:47:21+00:00","twitter_card":"summary_large_image","twitter_misc":{"Dur\u00e9e de lecture estim\u00e9e":"2 minutes"},"schema":{"@context":"https:\/\/schema.org","@graph":[{"@type":"WebPage","@id":"https:\/\/sophie.blng.fr\/index.php\/articles\/","url":"https:\/\/sophie.blng.fr\/index.php\/articles\/","name":"Articles - Sophie Boulang\u00e9 sophrologue Nancy","isPartOf":{"@id":"https:\/\/sophie.blng.fr\/#website"},"datePublished":"2024-11-07T13:35:17+00:00","dateModified":"2024-11-07T13:47:21+00:00","breadcrumb":{"@id":"https:\/\/sophie.blng.fr\/index.php\/articles\/#breadcrumb"},"inLanguage":"fr-FR","potentialAction":[{"@type":"ReadAction","target":["https:\/\/sophie.blng.fr\/index.php\/articles\/"]}]},{"@type":"BreadcrumbList","@id":"https:\/\/sophie.blng.fr\/index.php\/articles\/#breadcrumb","itemListElement":[{"@type":"ListItem","position":1,"name":"Accueil","item":"https:\/\/sophie.blng.fr\/"},{"@type":"ListItem","position":2,"name":"Articles"}]},{"@type":"WebSite","@id":"https:\/\/sophie.blng.fr\/#website","url":"https:\/\/sophie.blng.fr\/","name":"Sophie Boulang\u00e9 sophrologue Nancy","description":"G\u00e9rez votre anxi\u00e9t\u00e9 en moins de 20 minutes par jour","publisher":{"@id":"https:\/\/sophie.blng.fr\/#\/schema\/person\/2bdfe4be765c1967b601045f0c59fd27"},"potentialAction":[{"@type":"SearchAction","target":{"@type":"EntryPoint","urlTemplate":"https:\/\/sophie.blng.fr\/?s={search_term_string}"},"query-input":{"@type":"PropertyValueSpecification","valueRequired":true,"valueName":"search_term_string"}}],"inLanguage":"fr-FR"},{"@type":["Person","Organization"],"@id":"https:\/\/sophie.blng.fr\/#\/schema\/person\/2bdfe4be765c1967b601045f0c59fd27","name":"Sophie Boulang\u00e9","image":{"@type":"ImageObject","inLanguage":"fr-FR","@id":"https:\/\/sophie.blng.fr\/wp-content\/uploads\/2023\/10\/Logo-sophro-site.png","url":"https:\/\/sophie.blng.fr\/wp-content\/uploads\/2023\/10\/Logo-sophro-site.png","contentUrl":"https:\/\/sophie.blng.fr\/wp-content\/uploads\/2023\/10\/Logo-sophro-site.png","width":235,"height":254,"caption":"Sophie Boulang\u00e9"},"logo":{"@id":"https:\/\/sophie.blng.fr\/wp-content\/uploads\/2023\/10\/Logo-sophro-site.png"},"sameAs":["https:\/\/sophie.blng.fr\/","https:\/\/www.facebook.com\/sph.blng","https:\/\/www.linkedin.com\/in\/sophie-boulang-398629237\/"]}]}},"_links":{"self":[{"href":"https:\/\/sophie.blng.fr\/index.php\/wp-json\/wp\/v2\/pages\/3103","targetHints":{"allow":["GET"]}}],"collection":[{"href":"https:\/\/sophie.blng.fr\/index.php\/wp-json\/wp\/v2\/pages"}],"about":[{"href":"https:\/\/sophie.blng.fr\/index.php\/wp-json\/wp\/v2\/types\/page"}],"author":[{"embeddable":true,"href":"https:\/\/sophie.blng.fr\/index.php\/wp-json\/wp\/v2\/users\/2"}],"replies":[{"embeddable":true,"href":"https:\/\/sophie.blng.fr\/index.php\/wp-json\/wp\/v2\/comments?post=3103"}],"version-history":[{"count":5,"href":"https:\/\/sophie.blng.fr\/index.php\/wp-json\/wp\/v2\/pages\/3103\/revisions"}],"predecessor-version":[{"id":3119,"href":"https:\/\/sophie.blng.fr\/index.php\/wp-json\/wp\/v2\/pages\/3103\/revisions\/3119"}],"wp:attachment":[{"href":"https:\/\/sophie.blng.fr\/index.php\/wp-json\/wp\/v2\/media?parent=3103"}],"curies":[{"name":"wp","href":"https:\/\/api.w.org\/{rel}","templated":true}]}}